{"id":3227,"date":"2020-08-08T19:36:32","date_gmt":"2020-08-08T19:36:32","guid":{"rendered":"https:\/\/hla-tours.com\/?page_id=3227"},"modified":"2023-01-08T11:16:13","modified_gmt":"2023-01-08T11:16:13","slug":"charte-ethique","status":"publish","type":"page","link":"https:\/\/hla-tours.com\/?page_id=3227&lang=fr","title":{"rendered":"Charte \u00e9thique"},"content":{"rendered":"[vc_row tz_row_type=&#8221;grid&#8221; css=&#8221;.vc_custom_1497004699496{padding-bottom: 51px !important;background-color: #fafafa !important;}&#8221;][vc_column css=&#8221;.vc_custom_1496996563122{padding-right: 0px !important;padding-left: 0px !important;}&#8221;][vc_row_inner css=&#8221;.vc_custom_1496997267138{margin-top: 52px !important;}&#8221;][vc_column_inner el_class=&#8221;tz-title-about&#8221; css=&#8221;.vc_custom_1498465264493{padding-right: 0px !important;padding-left: 0px !important;}&#8221;][vc_column_text css=&#8221;.vc_custom_1673176339044{margin-bottom: 21px !important;}&#8221;]\n<h2 id=\"travel-jerusalem\" style=\"text-align: center;\">Hla Tours<\/h2>\n[\/vc_column_text][vc_column_text css=&#8221;.vc_custom_1673176359519{margin-bottom: 2px !important;}&#8221;]\n<p style=\"text-align: justify;\"><span style=\"color: #000000;\">s\u2019engage \u00e0 vous garantir les meilleures prestations lors de votre voyage, au prix le plus juste pour le voyageur ainsi que pour les populations locales.<\/span><\/p>\n<p style=\"text-align: justify;\"><span style=\"color: #000000;\">Notre philosophie est que chaque acteur li\u00e9 \u00e0 nos voyages soit r\u00e9mun\u00e9r\u00e9 correctement et qu\u2019il puisse vivre dignement de son activit\u00e9.<\/span><\/p>\n<p style=\"text-align: justify;\"><span style=\"color: #000000;\">Nous vous invitons \u00e0 respecter un contrat moral afin d\u2019essayer de maintenir un environnement humain et naturel sain, indispensable au d\u00e9veloppement du tourisme dans une r\u00e9gion.<\/span><\/p>\n[\/vc_column_text][\/vc_column_inner][\/vc_row_inner][vc_row_inner css=&#8221;.vc_custom_1497002811554{margin-top: 39px !important;}&#8221;][vc_column_inner el_class=&#8221;tz-about-container&#8221; width=&#8221;1\/2&#8243;][vc_column_text css_animation=&#8221;fadeIn&#8221;]\n<p style=\"text-align: justify;\"><span style=\"color: #000000;\"><strong>TOURISME DURABLE ET RESPONSABLE\u00a0:<\/strong><\/span><\/p>\n<p style=\"text-align: justify;\"><span style=\"color: #000000;\"><strong><em>Charte \u00e9thique du voyageur<\/em><\/strong><\/span><\/p>\n<p style=\"text-align: justify;\"><span style=\"color: #000000;\"><strong>Un tourisme durable\u00a0: <\/strong><\/span><\/p>\n<p style=\"text-align: justify;\"><span style=\"color: #000000;\">L\u2019expression \u00ab\u00a0<\/span><strong><span style=\"color: #339966;\">tourisme durable<\/span><\/strong><span style=\"color: #000000;\">\u00a0\u00bb d\u00e9crit g\u00e9n\u00e9ralement toutes les formes de tourisme alternatif qui respectent, pr\u00e9servent et mettent durablement en valeur les ressources patrimoniales (culturelles, sociales) et naturelles d\u2019un territoire \u00e0 l\u2019attention des touristes accueillis, de mani\u00e8re \u00e0 minimiser les impacts n\u00e9gatifs qu\u2019ils pourraient g\u00e9n\u00e9rer.<\/span><\/p>\n<p style=\"text-align: justify;\"><span style=\"color: #000000;\"><strong>Un tourisme responsable\u00a0:<\/strong><\/span><\/p>\n<p style=\"text-align: justify;\"><span style=\"color: #000000;\">L\u2019expression \u00ab\u00a0tourisme responsable\u00a0\u00bb ou \u00ab\u00a0tourisme \u00e9thique\u00a0\u00bb est un type de tourisme alternatif ayant pour objectif :<\/span><\/p>\n<p style=\"text-align: justify;\"><span style=\"color: #000000;\">* l\u2019\u00e9panouissement des populations locales via le d\u00e9veloppement \u00e9conomique\u00a0(par une implication dans le commerce local, une r\u00e9mun\u00e9ration juste et stable des partenaires, des conditions de travail d\u00e9centes, des \u00e9changes de connaissances et de bonnes pratiques\u2026).<\/span><\/p>\n<p style=\"text-align: justify;\"><span style=\"color: #000000;\">* la pr\u00e9servation \u00e0 long terme des ressources culturelles, sociales et naturelles, donc le tourisme durable.<\/span><\/p>\n<p style=\"text-align: justify;\"><span style=\"color: #000000;\"><strong>Une rencontre authentique entre les voyageurs et les populations locales<\/strong><\/span><\/p>\n<p style=\"text-align: justify;\"><span style=\"color: #000000;\">Aujourd\u2019hui, de nombreux voyageurs sont sensibles \u00e0 l\u2019impact de leur p\u00e9riple sur la r\u00e9gion qui les attire, et exp\u00e9rimentent de nouvelles formes de voyages. Ils cherchent \u00e0 \u00eatre coh\u00e9rents avec les principes citoyens qu\u2019ils appliquent chez eux en am\u00e9liorant la qualit\u00e9 de leurs vacances afin de vivre lors de leur p\u00e9r\u00e9grination une exp\u00e9rience authentique.<\/span><\/p>\n<p style=\"text-align: justify;\"><span style=\"color: #000000;\">Chacun de nous peut contribuer \u00e0 \u00eatre un voyageur responsable, attentif au monde et \u00e0 ses habitants, en suivant quelques conseils, avant, pendant et apr\u00e8s le voyage.<\/span><\/p>\n<p style=\"text-align: justify;\"><span style=\"color: #000000;\"><strong>Avant le voyage<\/strong> : Pr\u00e9parer son voyage, c\u2019est d\u2019abord s\u2019int\u00e9resser \u00e0 la destination. Bien s\u2019informer sur les habitants et leur mode de vie, le patrimoine, la religion, l\u2019environnement.<\/span><\/p>\n<p style=\"text-align: justify;\"><span style=\"color: #000000;\">Choisir des professionnels impliqu\u00e9s dans le tourisme responsable : agences de voyage, tour-op\u00e9rateurs, compagnies a\u00e9riennes, guides, activit\u00e9s sur place, h\u00e9bergements, restaurants.<\/span><\/p>\n<p style=\"text-align: justify;\"><span style=\"color: #000000;\">N\u2019emporter que l\u2019essentiel, et garder de la place dans la valise pour ramener des souvenirs fabriqu\u00e9s localement. Se renseigner sur la pratique et les limites du marchandage des prix et sur les pourboires laiss\u00e9s aux professionnels : restaurants, h\u00e9bergements, guides, artisans, commer\u00e7ants, sans s\u2019obstiner \u00e0 vouloir obtenir des privil\u00e8ges.<\/span><\/p>\n<p style=\"text-align: justify;\"><span style=\"color: #000000;\">Pour partir l\u2019esprit l\u00e9ger, garder l\u2019esprit critique. S\u2019interroger sur la r\u00e9alit\u00e9 des risques de la destination, et se renseigner aupr\u00e8s des organismes comp\u00e9tents, sans se laisser trop influencer par certains m\u00e9dias.<\/span><\/p>\n<p style=\"text-align: justify;\"><span style=\"color: #000000;\"><strong>Pendant le voyage :<\/strong> Respecter aussi bien les hommes et leur culture que la nature. Se mettre au diapason des us et coutumes de la destination, sans imposer ses habitudes ni son style de vie, en portant attention \u00e0 la mani\u00e8re de s\u2019habiller notamment dans les lieux de culte, mais aussi aux signes de richesse qui peuvent contraster avec le niveau de vie local. Go\u00fbter la cuisine locale, et \u00eatre curieux des modes d\u2019h\u00e9bergements authentiques.<\/span><\/p>\n<p style=\"text-align: justify;\"><span style=\"color: #000000;\">Comme chez soi, trier les d\u00e9chets lorsque cela est possible, \u00e9conomiser l\u2019eau et l\u2019\u00e9nergie. Respecter aussi les r\u00e8gles affich\u00e9es dans les espaces naturels, afin de pr\u00e9server l\u2019\u00e9quilibre des lieux\u00a0: faune, flore et min\u00e9raux.<\/span><\/p>\n<p style=\"text-align: justify;\"><span style=\"color: #000000;\">Veiller \u00e0 ne pas pr\u00e9lever de souvenirs dans les sites arch\u00e9ologiques et naturels.<\/span><\/p>\n<p style=\"text-align: justify;\"><span style=\"color: #000000;\"><strong>Toucher avec les yeux<\/strong><\/span><\/p>\n<p style=\"text-align: justify;\"><span style=\"color: #000000;\">Ne prenez pas de photos de personnes isol\u00e9es sans en avoir re\u00e7u l\u2019autorisation. N\u2019acceptez pas de payer pour faire une photo car cela induit des habitudes mercantiles peu reluisantes. Il est conseill\u00e9 de ne promettre l\u2019envoi de photos aux personnes concern\u00e9es que si vous pouvez respecter cet engagement (envoi par e-mail par exemple).<\/span><\/p>\n<p style=\"text-align: justify;\"><span style=\"color: #000000;\"><strong>Apr\u00e8s le voyage :<\/strong> Favoriser le dialogue entre les cultures pour permettre un tourisme facteur de paix.<\/span><\/p>\n<p style=\"text-align: justify;\"><span style=\"color: #000000;\">Partager son exp\u00e9rience de voyageur, en famille, avec ses amis, ou sur les r\u00e9seaux sociaux pour t\u00e9moigner des richesses et des fragilit\u00e9s de notre plan\u00e8te, et faire b\u00e9n\u00e9ficier aux autres des conseils pour voyager mieux.<\/span><\/p>\n<p style=\"text-align: justify;\"><span style=\"color: #000000;\"><strong>TOURISME ETHIQUE\u00a0: <\/strong><strong>AGIR POUR UN TOURISME RESPONSABLE<\/strong><\/span><\/p>\n<p style=\"text-align: justify;\"><span style=\"color: #000000;\"><strong><em>C\u2019est d\u00e9velopper de nouvelles pratiques de tourisme responsable et durable\u00a0: <\/em><\/strong><\/span><\/p>\n<p style=\"text-align: justify;\"><span style=\"color: #000000;\">* s\u2019engager sur la limitation des effets n\u00e9gatifs de l\u2019activit\u00e9 touristique\u00a0<strong><u>;<\/u><\/strong><\/span><\/p>\n<p style=\"text-align: justify;\"><span style=\"color: #000000;\">* encourager le d\u00e9veloppement d\u2019un tourisme qualitatif pour une d\u00e9couverte authentique des r\u00e9gions d\u2019accueil et de leur culture ;<\/span><\/p>\n<p style=\"text-align: justify;\"><span style=\"color: #000000;\">* veiller \u00e0 ce que les retomb\u00e9es \u00e9conomiques soient le plus justement r\u00e9parties entre les acteurs du voyage, et participer \u00e0 un d\u00e9veloppement durable des destinations ;<\/span><\/p>\n<p style=\"text-align: justify;\"><span style=\"color: #000000;\">* respecter les diff\u00e9rents patrimoines culturels et les usages des r\u00e9gions d\u2019accueil ;<\/span><\/p>\n<p style=\"text-align: justify;\"><span style=\"color: #000000;\">* respecter l\u2019environnement naturel ;<\/span><\/p>\n<p style=\"text-align: justify;\"><span style=\"color: #000000;\">* informer de fa\u00e7on transparente et sinc\u00e8re ;<\/span><\/p>\n<p style=\"text-align: justify;\"><span style=\"color: #000000;\"><strong>Si vous souhaitez aider la population locale <\/strong><\/span><\/p>\n<p style=\"text-align: justify;\"><span style=\"color: #000000;\">Pr\u00e9f\u00e9rer les dons aux associations comp\u00e9tentes, aux \u00e9coles, plut\u00f4t que de favoriser la mendicit\u00e9, notamment celle des enfants.<\/span><\/p>\n<p style=\"text-align: justify;\"><span style=\"color: #000000;\"><strong>Un artisanat local de qualit\u00e9<\/strong><\/span><\/p>\n<p style=\"text-align: justify;\"><span style=\"color: #000000;\">Nous nous engageons \u00e0 toujours promouvoir des produits artisanaux et faits \u00e0 la main, \u00e0 encourager nos voyageurs \u00e0 acheter local. Soutenir l&#8217;\u00e9conomie locale est l&#8217;un des fondements du voyage responsable et durable. Essayez de n&#8217;acheter que des souvenirs fabriqu\u00e9s dans les environs<strong><u>.<\/u><\/strong><\/span><\/p>\n<p style=\"text-align: justify;\"><span style=\"color: #000000;\">L\u2019artisanat fabriqu\u00e9 en Terre Sainte est florissant et tr\u00e8s vari\u00e9\u00a0: broderies, tissus orientaux magnifiques transform\u00e9s en housses de coussins, sacs, etc\u2026 Des coop\u00e9ratives de femmes vendent souvent le fruit de leur travail (poterie, c\u00e9ramique, tissage) et, en achetant leurs produits vous soutenez un tourisme \u00e9quitable et solidaire tr\u00e8s b\u00e9n\u00e9fique pour le bien-\u00eatre des communaut\u00e9s locales.<\/span><\/p>\n[\/vc_column_text][\/vc_column_inner][vc_column_inner el_class=&#8221;tz-about-container&#8221; width=&#8221;1\/2&#8243; css=&#8221;.vc_custom_1498466461163{padding-top: 6px !important;}&#8221;][vc_single_image image=&#8221;2558&#8243; img_size=&#8221;large&#8221; style=&#8221;vc_box_rounded&#8221; css=&#8221;.vc_custom_1673176382410{margin-bottom: 2em !important;}&#8221;][vc_single_image image=&#8221;2892&#8243; img_size=&#8221;large&#8221; style=&#8221;vc_box_rounded&#8221; css=&#8221;.vc_custom_1673176412267{margin-bottom: 2em !important;}&#8221;][vc_single_image image=&#8221;2823&#8243; img_size=&#8221;large&#8221; style=&#8221;vc_box_rounded&#8221; css=&#8221;.vc_custom_1673176426795{margin-bottom: 2em !important;}&#8221;][vc_single_image image=&#8221;3255&#8243; img_size=&#8221;large&#8221; style=&#8221;vc_box_rounded&#8221; css=&#8221;.vc_custom_1673176442683{margin-bottom: 2em !important;}&#8221;][vc_single_image image=&#8221;2843&#8243; img_size=&#8221;large&#8221; style=&#8221;vc_box_rounded&#8221;][vc_empty_space][\/vc_column_inner][\/vc_row_inner][\/vc_column][\/vc_row]\n","protected":false},"excerpt":{"rendered":"<p>[vc_row tz_row_type=&#8221;grid&#8221; css=&#8221;.vc_custom_1497004699496{padding-bottom: 51px !important;background-color: #fafafa !important;}&#8221;][vc_column css=&#8221;.vc_custom_1496996563122{padding-right: 0px !important;padding-left: 0px !important;}&#8221;][vc_row_inner css=&#8221;.vc_custom_1496997267138{margin-top: 52px !important;}&#8221;][vc_column_inner el_class=&#8221;tz-title-about&#8221; css=&#8221;.vc_custom_1498465264493{padding-right: 0px !important;padding-left: 0px !important;}&#8221;][vc_column_text css=&#8221;.vc_custom_1673176339044{margin-bottom: 21px !important;}&#8221;] Hla Tours [\/vc_column_text][vc_column_text css=&#8221;.vc_custom_1673176359519{margin-bottom: 2px !important;}&#8221;] s\u2019engage \u00e0 vous garantir les meilleures prestations lors de votre voyage, au prix le plus juste pour le voyageur ainsi que pour les populations locales. [&hellip;]<\/p>\n","protected":false},"author":2,"featured_media":0,"parent":0,"menu_order":0,"comment_status":"closed","ping_status":"closed","template":"","meta":{"_glsr_average":0,"_glsr_ranking":0,"_glsr_reviews":0,"footnotes":""},"class_list":["post-3227","page","type-page","status-publish","hentry"],"_links":{"self":[{"href":"https:\/\/hla-tours.com\/index.php?rest_route=\/wp\/v2\/pages\/3227","targetHints":{"allow":["GET"]}}],"collection":[{"href":"https:\/\/hla-tours.com\/index.php?rest_route=\/wp\/v2\/pages"}],"about":[{"href":"https:\/\/hla-tours.com\/index.php?rest_route=\/wp\/v2\/types\/page"}],"author":[{"embeddable":true,"href":"https:\/\/hla-tours.com\/index.php?rest_route=\/wp\/v2\/users\/2"}],"replies":[{"embeddable":true,"href":"https:\/\/hla-tours.com\/index.php?rest_route=%2Fwp%2Fv2%2Fcomments&post=3227"}],"version-history":[{"count":8,"href":"https:\/\/hla-tours.com\/index.php?rest_route=\/wp\/v2\/pages\/3227\/revisions"}],"predecessor-version":[{"id":4432,"href":"https:\/\/hla-tours.com\/index.php?rest_route=\/wp\/v2\/pages\/3227\/revisions\/4432"}],"wp:attachment":[{"href":"https:\/\/hla-tours.com\/index.php?rest_route=%2Fwp%2Fv2%2Fmedia&parent=3227"}],"curies":[{"name":"wp","href":"https:\/\/api.w.org\/{rel}","templated":true}]}}