{"id":3081,"date":"2020-07-18T20:48:12","date_gmt":"2020-07-18T20:48:12","guid":{"rendered":"https:\/\/hla-tours.com\/?page_id=3081"},"modified":"2023-01-08T21:33:10","modified_gmt":"2023-01-08T21:33:10","slug":"combines-avec-la-jordanie-legypte","status":"publish","type":"page","link":"https:\/\/hla-tours.com\/?page_id=3081&lang=fr","title":{"rendered":"Combin\u00e9s avec la Jordanie &#038; l&#8217;Egypte"},"content":{"rendered":"[vc_row][vc_column]    <div class=\"tzElement_Destination type-4 destination--column  \">\r\n        \r\n            \r\n                                    <div class=\"distination-item \">\r\n                                                <div class=\"des-img\" >\r\n                            <a href=\"https:\/\/hla-tours.com\/?destination=pelerinages-chretien-combines&#038;lang=fr\">\r\n                                <img loading=\"lazy\" decoding=\"async\" width=\"1920\" height=\"693\" src=\"https:\/\/hla-tours.com\/wp-content\/uploads\/2020\/06\/Mount-of-Olives-Tour-2.jpg\" class=\"attachment-full\" alt=\"\" srcset=\"https:\/\/hla-tours.com\/wp-content\/uploads\/2020\/06\/Mount-of-Olives-Tour-2.jpg 1920w, https:\/\/hla-tours.com\/wp-content\/uploads\/2020\/06\/Mount-of-Olives-Tour-2-300x108.jpg 300w, https:\/\/hla-tours.com\/wp-content\/uploads\/2020\/06\/Mount-of-Olives-Tour-2-1024x370.jpg 1024w, https:\/\/hla-tours.com\/wp-content\/uploads\/2020\/06\/Mount-of-Olives-Tour-2-768x277.jpg 768w, https:\/\/hla-tours.com\/wp-content\/uploads\/2020\/06\/Mount-of-Olives-Tour-2-1536x554.jpg 1536w, https:\/\/hla-tours.com\/wp-content\/uploads\/2020\/06\/Mount-of-Olives-Tour-2-600x217.jpg 600w\" sizes=\"auto, (max-width: 1920px) 100vw, 1920px\" \/><div class=\"tz-overlay\"><\/div>                            <\/a>\r\n                        <\/div>\r\n                        <div class=\"content\">\r\n                            <h3 class=\"title\">\r\n                                <a href=\"https:\/\/hla-tours.com\/?destination=pelerinages-chretien-combines&#038;lang=fr\">P\u00e9lerinages Chr\u00e9tiens Combin\u00e9s avec JORDANIE &#038; EGYPTE<\/a>\r\n                            <\/h3>\r\n\r\n                                                            <div class=\"count-offer\">3 Deal Offers<\/div>\r\n                                <p>Sur la trace de la Chr\u00e9tient\u00e9, des lieux de m\u00e9moire \u00e0 d\u00e9couvrir et \u00e0 vivre. Quelques jours \u00e0 la crois\u00e9e des cultures et des religions\u2026 entre le temporel et l\u2019intemporel. Se laisser initier aux charmes les plus mystiques de l\u2019Orient et retrouver les origines de l\u2019Occident, suivre les \u00e9toiles, toucher le Sacr\u00e9, habiter tous ces [&hellip;]<\/p>\n                            \r\n                            \r\n                                <div class=\"rating\">\r\n                                    <div class=\"tz-average-rating\"><div class=\"tz-rating tz-rating-0\"><\/div><\/div><small>-<\/small>                                    <span class=\"reviews-count\">0 Review<\/span>\r\n                                <\/div>\r\n                                <a class=\"tz-view-more\" href=\"https:\/\/hla-tours.com\/?destination=pelerinages-chretien-combines&#038;lang=fr\"> View More<\/a>\r\n                                                    <\/div>\r\n                    <\/div>\r\n                                                    <\/div>\r\n    [vc_empty_space][\/vc_column][\/vc_row][vc_row][vc_column]    <div class=\"tzElement_Destination type-4 destination--column  \">\r\n        \r\n            \r\n                                    <div class=\"distination-item \">\r\n                                                <div class=\"des-img\" >\r\n                            <a href=\"https:\/\/hla-tours.com\/?destination=hauts-lieux-de-lislam-combines&#038;lang=fr\">\r\n                                <img loading=\"lazy\" decoding=\"async\" width=\"2560\" height=\"1440\" src=\"https:\/\/hla-tours.com\/wp-content\/uploads\/2020\/07\/b4-scaled.jpg\" class=\"attachment-full\" alt=\"\" srcset=\"https:\/\/hla-tours.com\/wp-content\/uploads\/2020\/07\/b4-scaled.jpg 2560w, https:\/\/hla-tours.com\/wp-content\/uploads\/2020\/07\/b4-300x169.jpg 300w, https:\/\/hla-tours.com\/wp-content\/uploads\/2020\/07\/b4-1024x576.jpg 1024w, https:\/\/hla-tours.com\/wp-content\/uploads\/2020\/07\/b4-768x432.jpg 768w, https:\/\/hla-tours.com\/wp-content\/uploads\/2020\/07\/b4-1536x864.jpg 1536w, https:\/\/hla-tours.com\/wp-content\/uploads\/2020\/07\/b4-2048x1152.jpg 2048w\" sizes=\"auto, (max-width: 2560px) 100vw, 2560px\" \/><div class=\"tz-overlay\"><\/div>                            <\/a>\r\n                        <\/div>\r\n                        <div class=\"content\">\r\n                            <h3 class=\"title\">\r\n                                <a href=\"https:\/\/hla-tours.com\/?destination=hauts-lieux-de-lislam-combines&#038;lang=fr\">Hauts lieux de l&#8217;Islam Combin\u00e9s avec JORDANIE &#038; EGYTPE<\/a>\r\n                            <\/h3>\r\n\r\n                                                            <div class=\"count-offer\">2 Deal Offers<\/div>\r\n                                <p>Voyages sur les traces des proph\u00e8tes &nbsp; \u00a0 \u00a0 \u00a0 \u00a0 Rendez-vous dans des endroits o\u00f9 chaque pierre, chaque \u00e9difice, chaque pilier a une histoire \u00e0 nous d\u00e9voiler. Marchez dans les pas des proph\u00e8tes ; Ibrahim, d\u2019Isma\u00ebl, de Isaac, de Yacoub, de Moussa, de Daoud, de Souleyman, d\u2019Issa, \u2026de Mohammad (sallAllahou \u2019alayhim wa salam). Ils [&hellip;]<\/p>\n                            \r\n                            \r\n                                <div class=\"rating\">\r\n                                    <div class=\"tz-average-rating\"><div class=\"tz-rating tz-rating-0\"><\/div><\/div><small>-<\/small>                                    <span class=\"reviews-count\">0 Review<\/span>\r\n                                <\/div>\r\n                                <a class=\"tz-view-more\" href=\"https:\/\/hla-tours.com\/?destination=hauts-lieux-de-lislam-combines&#038;lang=fr\"> View More<\/a>\r\n                                                    <\/div>\r\n                    <\/div>\r\n                                                    <\/div>\r\n    [vc_empty_space][\/vc_column][\/vc_row][vc_row][vc_column]    <div class=\"tzElement_Destination type-4 destination--column  \">\r\n        \r\n            \r\n                                    <div class=\"distination-item \">\r\n                                                <div class=\"des-img\" >\r\n                            <a href=\"https:\/\/hla-tours.com\/?destination=circuits-culturels-combines&#038;lang=fr\">\r\n                                <img loading=\"lazy\" decoding=\"async\" width=\"2560\" height=\"1706\" src=\"https:\/\/hla-tours.com\/wp-content\/uploads\/2020\/07\/calin-stan-a8ZSKCBE1xk-unsplash-scaled.jpg\" class=\"attachment-full\" alt=\"\" srcset=\"https:\/\/hla-tours.com\/wp-content\/uploads\/2020\/07\/calin-stan-a8ZSKCBE1xk-unsplash-scaled.jpg 2560w, https:\/\/hla-tours.com\/wp-content\/uploads\/2020\/07\/calin-stan-a8ZSKCBE1xk-unsplash-300x200.jpg 300w, https:\/\/hla-tours.com\/wp-content\/uploads\/2020\/07\/calin-stan-a8ZSKCBE1xk-unsplash-1024x683.jpg 1024w, https:\/\/hla-tours.com\/wp-content\/uploads\/2020\/07\/calin-stan-a8ZSKCBE1xk-unsplash-768x512.jpg 768w, https:\/\/hla-tours.com\/wp-content\/uploads\/2020\/07\/calin-stan-a8ZSKCBE1xk-unsplash-1536x1024.jpg 1536w, https:\/\/hla-tours.com\/wp-content\/uploads\/2020\/07\/calin-stan-a8ZSKCBE1xk-unsplash-2048x1365.jpg 2048w\" sizes=\"auto, (max-width: 2560px) 100vw, 2560px\" \/><div class=\"tz-overlay\"><\/div>                            <\/a>\r\n                        <\/div>\r\n                        <div class=\"content\">\r\n                            <h3 class=\"title\">\r\n                                <a href=\"https:\/\/hla-tours.com\/?destination=circuits-culturels-combines&#038;lang=fr\">Circuits culturels combin\u00e9s<\/a>\r\n                            <\/h3>\r\n\r\n                                                            <div class=\"count-offer\">3 Deal Offers<\/div>\r\n                                <p>Voyage culturel en Egypte \u2013 Jordanie &#8211; Palestine et Isra\u00ebl \u00a0 \u00a0 \u00a0Passez un long week-end \u00e0 J\u00e9rusalem ou une semaine en terre Sainte, Palestine &amp; Isra\u00ebl. Ou encore une dizaine de jours (ou plus) en combinant l\u2019aventure avec la d\u00e9couverte de la Jordanie ou de l\u2019\u00c9gypte. Hla Tours vous propose divers circuits au berceau [&hellip;]<\/p>\n                            \r\n                            \r\n                                <div class=\"rating\">\r\n                                    <div class=\"tz-average-rating\"><div class=\"tz-rating tz-rating-0\"><\/div><\/div><small>-<\/small>                                    <span class=\"reviews-count\">0 Review<\/span>\r\n                                <\/div>\r\n                                <a class=\"tz-view-more\" href=\"https:\/\/hla-tours.com\/?destination=circuits-culturels-combines&#038;lang=fr\"> View More<\/a>\r\n                                                    <\/div>\r\n                    <\/div>\r\n                                                    <\/div>\r\n    [vc_empty_space][\/vc_column][\/vc_row]\n","protected":false},"excerpt":{"rendered":"<p>[vc_row][vc_column][vc_empty_space][\/vc_column][\/vc_row][vc_row][vc_column][vc_empty_space][\/vc_column][\/vc_row][vc_row][vc_column][vc_empty_space][\/vc_column][\/vc_row]<\/p>\n","protected":false},"author":2,"featured_media":0,"parent":0,"menu_order":0,"comment_status":"closed","ping_status":"closed","template":"","meta":{"_glsr_average":0,"_glsr_ranking":0,"_glsr_reviews":0,"footnotes":""},"class_list":["post-3081","page","type-page","status-publish","hentry"],"_links":{"self":[{"href":"https:\/\/hla-tours.com\/index.php?rest_route=\/wp\/v2\/pages\/3081","targetHints":{"allow":["GET"]}}],"collection":[{"href":"https:\/\/hla-tours.com\/index.php?rest_route=\/wp\/v2\/pages"}],"about":[{"href":"https:\/\/hla-tours.com\/index.php?rest_route=\/wp\/v2\/types\/page"}],"author":[{"embeddable":true,"href":"https:\/\/hla-tours.com\/index.php?rest_route=\/wp\/v2\/users\/2"}],"replies":[{"embeddable":true,"href":"https:\/\/hla-tours.com\/index.php?rest_route=%2Fwp%2Fv2%2Fcomments&post=3081"}],"version-history":[{"count":2,"href":"https:\/\/hla-tours.com\/index.php?rest_route=\/wp\/v2\/pages\/3081\/revisions"}],"predecessor-version":[{"id":4494,"href":"https:\/\/hla-tours.com\/index.php?rest_route=\/wp\/v2\/pages\/3081\/revisions\/4494"}],"wp:attachment":[{"href":"https:\/\/hla-tours.com\/index.php?rest_route=%2Fwp%2Fv2%2Fmedia&parent=3081"}],"curies":[{"name":"wp","href":"https:\/\/api.w.org\/{rel}","templated":true}]}}