{"id":3063,"date":"2020-07-18T19:53:35","date_gmt":"2020-07-18T19:53:35","guid":{"rendered":"https:\/\/hla-tours.com\/?page_id=3063"},"modified":"2023-01-08T21:10:53","modified_gmt":"2023-01-08T21:10:53","slug":"thematiques","status":"publish","type":"page","link":"https:\/\/hla-tours.com\/?page_id=3063&lang=fr","title":{"rendered":"TH\u00c9MATIQUES"},"content":{"rendered":"[vc_row tz_row_type=&#8221;grid&#8221; css=&#8221;.vc_custom_1673212138569{padding-bottom: 51px !important;background-color: #ffffff !important;}&#8221;][vc_column css=&#8221;.vc_custom_1496996563122{padding-right: 0px !important;padding-left: 0px !important;}&#8221;][vc_row_inner css=&#8221;.vc_custom_1673212127190{margin-top: 52px !important;background-color: #ffffff !important;}&#8221;][vc_column_inner el_class=&#8221;tz-title-about&#8221; css=&#8221;.vc_custom_1498465264493{padding-right: 0px !important;padding-left: 0px !important;}&#8221;][vc_column_text]\n<h2 id=\"circuits-culturels\" style=\"text-align: center;\"><span style=\"font-size: 24px;\">Circuits Culturels<\/span><\/h2>\n[\/vc_column_text][\/vc_column_inner][\/vc_row_inner][vc_row_inner css=&#8221;.vc_custom_1497002811554{margin-top: 39px !important;}&#8221;][vc_column_inner el_class=&#8221;tz-about-container&#8221; width=&#8221;1\/2&#8243;][vc_single_image image=&#8221;2492&#8243; img_size=&#8221;large&#8221; style=&#8221;vc_box_rounded&#8221;][vc_btn title=&#8221;Discover More&#8221; style=&#8221;3d&#8221; color=&#8221;vista-blue&#8221; size=&#8221;lg&#8221; align=&#8221;center&#8221; css_animation=&#8221;fadeInRightBig&#8221; button_block=&#8221;true&#8221; link=&#8221;url:https%3A%2F%2Fhla-tours.com%2F%3Fdestination%3Dcultural-tours|title:Cultural%20Tours||&#8221; css=&#8221;.vc_custom_1672859426721{padding-top: 1em !important;}&#8221;][\/vc_column_inner][vc_column_inner el_class=&#8221;tz-about-container&#8221; width=&#8221;1\/2&#8243; css=&#8221;.vc_custom_1498466461163{padding-top: 6px !important;}&#8221;][vc_column_text]\n<p style=\"text-align: justify;\"><span style=\"font-size: 15px; color: #333333; font-family: helvetica, arial, sans-serif;\">\u00a0 \u00a0 \u00a0 \u00a0Il est des terres qui laissent <span style=\"color: #339966;\">des souvenirs ind\u00e9l\u00e9biles dans le c\u0153ur du voyageur<\/span>. Des lieux si charg\u00e9s d&#8217;histoire et \u00e0 la symbolique si forte, qu&#8217;ils ne peuvent laisser indiff\u00e9rents. Un voyage en Palestine &#8211; Isra\u00ebl n&#8217;est pas un voyage comme les autres. Terre trois fois sainte, ce pays invite \u00e0 remonter aux sources m\u00eame de l&#8217;histoire des grandes religions qui ont si fortement influenc\u00e9 les cultures du monde.<span style=\"color: #339966;\"> Un voyage au berceau des civilisations<\/span> et \u00e0 la m\u00e9moire du monde dans des villes qui poss\u00e8dent tant de r\u00e9sonances historiques et religieuses, dont un grand nombre est class\u00e9 au patrimoine mondial. Des fonds marins aussi riches que color\u00e9s de la m\u00e9diterran\u00e9e, des terres br\u00fbl\u00e9es par le sel aux abords de la mer Morte et ces montagnes d\u00e9sertique aux couleurs ocre. <\/span><\/p>\n<p style=\"text-align: justify;\"><span style=\"font-size: 15px; color: #333333; font-family: helvetica, arial, sans-serif;\">Des ruelles vo\u00fbt\u00e9es et color\u00e9es des souks, aux senteurs fleuries des narguil\u00e9s et La rencontre d\u2019une population tellement accueillant. C\u2019est un monde qui rec\u00e8le <span style=\"color: #339966;\">1001 tr\u00e9sors que l&#8217;on d\u00e9couvre comme on consulte un ouvrage ancien et tr\u00e8s pr\u00e9cieux<\/span>.<\/span><\/p>\n[\/vc_column_text][\/vc_column_inner][\/vc_row_inner][\/vc_column][\/vc_row][vc_row tz_row_type=&#8221;grid&#8221; css=&#8221;.vc_custom_1673210721645{padding-bottom: 51px !important;background-color: #ffffff !important;}&#8221;][vc_column css=&#8221;.vc_custom_1496996563122{padding-right: 0px !important;padding-left: 0px !important;}&#8221;][vc_row_inner css=&#8221;.vc_custom_1496997267138{margin-top: 52px !important;}&#8221;][vc_column_inner el_class=&#8221;tz-title-about&#8221; css=&#8221;.vc_custom_1498465264493{padding-right: 0px !important;padding-left: 0px !important;}&#8221;][vc_column_text]\n<h2 id=\"hauts-lieux-de-l'islam\" style=\"text-align: center;\"><span style=\"font-size: 24px;\">Hauts lieux de l&#8217;Islam<\/span><\/h2>\n[\/vc_column_text][\/vc_column_inner][\/vc_row_inner][vc_row_inner css=&#8221;.vc_custom_1497002811554{margin-top: 39px !important;}&#8221;][vc_column_inner el_class=&#8221;tz-about-container&#8221; width=&#8221;1\/2&#8243;][vc_column_text]\n<p style=\"text-align: center;\"><span style=\"color: #333333; font-family: helvetica, arial, sans-serif; font-size: 15px;\"><strong>L\u2019importance de la Palestine et de J\u00e9rusalem (Bayt al-Maqdis) pour les musulmans<\/strong><\/span><\/p>\n<p style=\"text-align: justify;\"><span style=\"color: #333333; font-family: helvetica, arial, sans-serif; font-size: 15px;\">\u00a0 \u00a0 \u00a0 Les textes coraniques soulignent le caract\u00e8re sacr\u00e9 de cette terre et son r\u00f4le fondamental tout au long de l\u2019histoire. La b\u00e9n\u00e9diction dont elle jouit ne se r\u00e9duit pas uniquement \u00e0 la Mosqu\u00e9e Al-Aqsa, ou le proph\u00e8te :saws a prier en compagnie des tous les proph\u00e8tes, mais aussi \u00e0 tous ses alentours.<\/span><\/p>\n<p style=\"text-align: center;\"><strong><span style=\"color: #339966; font-family: helvetica, arial, sans-serif; font-size: 15px;\">\u0628\u0650\u0633\u0652\u0645\u0650 \u0627\u0644\u0644\u0651\u064e\u0647\u0650 \u0627\u0644\u0631\u0651\u064e\u062d\u0652\u0645\u064e\u0670\u0646\u0650 \u0627\u0644\u0631\u0651\u064e\u062d\u0650\u064a\u0645\u0650<\/span><\/strong><br \/>\n<strong><span style=\"color: #339966; font-family: helvetica, arial, sans-serif; font-size: 15px;\">\u0633\u064f\u0628\u0652\u062d\u064e\u0627\u0646\u064e \u0627\u0644\u0651\u064e\u0630\u0650\u064a \u0623\u064e\u0633\u0652\u0631\u064e\u0649\u0670 \u0628\u0650\u0639\u064e\u0628\u0652\u062f\u0650\u0647\u0650 \u0644\u064e\u064a\u0652\u0644\u064b\u0627 \u0645\u0650\u0646\u064e \u0627\u0644\u0652\u0645\u064e\u0633\u0652\u062c\u0650\u062f\u0650 \u0627\u0644\u0652\u062d\u064e\u0631\u064e\u0627\u0645\u0650 \u0625\u0650\u0644\u064e\u0649 \u0627\u0644\u0652\u0645\u064e\u0633\u0652\u062c\u0650\u062f\u0650 \u0627\u0644\u0652\u0623\u064e\u0642\u0652\u0635\u064e\u0649 \u0627\u0644\u0651\u064e\u0630\u0650\u064a \u0628\u064e\u0627\u0631\u064e\u0643\u0652\u0646\u064e\u0627 \u062d\u064e\u0648\u0652\u0644\u064e\u0647\u064f \u0644\u0650\u0646\u064f\u0631\u0650\u064a\u064e\u0647\u064f \u0645\u0650\u0646\u0652 \u0622\u064a\u064e\u0627\u062a\u0650\u0646\u064e\u0627 \u06da \u0625\u0650\u0646\u0651\u064e\u0647\u064f \u0647\u064f\u0648\u064e \u0627\u0644\u0633\u0651\u064e\u0645\u0650\u064a\u0639\u064f \u0627\u0644\u0652\u0628\u064e\u0635\u0650\u064a\u0631\u064f<\/span><\/strong><\/p>\n<p style=\"text-align: justify;\"><span style=\"color: #333333; font-family: helvetica, arial, sans-serif; font-size: 15px;\">Dieu dit : \u00ab Gloire et puret\u00e9 \u00e0 Celui qui de nuit, fit voyager Son serviteur de la Mosqu\u00e9e sacr\u00e9e \u00ab al-Haram \u00bb \u00e0 la Mosqu\u00e9e \u00ab al-Aqsa \u00bb dont Nous avons b\u00e9ni l\u2019alentour \u00bb<\/span><\/p>\n[\/vc_column_text][\/vc_column_inner][vc_column_inner el_class=&#8221;tz-about-container&#8221; width=&#8221;1\/2&#8243; css=&#8221;.vc_custom_1498466461163{padding-top: 6px !important;}&#8221;][vc_single_image image=&#8221;2484&#8243; img_size=&#8221;large&#8221; alignment=&#8221;right&#8221; style=&#8221;vc_box_rounded&#8221;][vc_btn title=&#8221;Discover More&#8221; style=&#8221;3d&#8221; shape=&#8221;square&#8221; color=&#8221;vista-blue&#8221; size=&#8221;lg&#8221; align=&#8221;center&#8221; css_animation=&#8221;fadeInRightBig&#8221; button_block=&#8221;true&#8221; link=&#8221;url:https%3A%2F%2Fhla-tours.com%2F%3Fdestination%3Dislamic-tour|title:Cultural%20Tours||&#8221; css=&#8221;.vc_custom_1672859474783{padding-top: 1em !important;}&#8221;][\/vc_column_inner][\/vc_row_inner][\/vc_column][\/vc_row][vc_row tz_row_type=&#8221;grid&#8221; css=&#8221;.vc_custom_1673210760173{padding-bottom: 51px !important;background-color: #ffffff !important;}&#8221;][vc_column css=&#8221;.vc_custom_1496996563122{padding-right: 0px !important;padding-left: 0px !important;}&#8221;][vc_row_inner css=&#8221;.vc_custom_1673210555217{margin-top: 52px !important;}&#8221;][vc_column_inner el_class=&#8221;tz-title-about&#8221; css=&#8221;.vc_custom_1498465264493{padding-right: 0px !important;padding-left: 0px !important;}&#8221;][vc_column_text]\n<h2 id=\"p\u00e8lerinages-chr\u00e9tiens\" style=\"text-align: center;\"><span style=\"font-size: 24px;\">P\u00e8lerinages Chr\u00e9tiens<\/span><\/h2>\n[\/vc_column_text][\/vc_column_inner][\/vc_row_inner][vc_row_inner css=&#8221;.vc_custom_1497002811554{margin-top: 39px !important;}&#8221;][vc_column_inner el_class=&#8221;tz-about-container&#8221; width=&#8221;1\/2&#8243;][vc_single_image image=&#8221;2559&#8243; img_size=&#8221;large&#8221; alignment=&#8221;center&#8221; style=&#8221;vc_box_rounded&#8221;][vc_btn title=&#8221;Discover More&#8221; style=&#8221;3d&#8221; color=&#8221;vista-blue&#8221; size=&#8221;lg&#8221; align=&#8221;center&#8221; css_animation=&#8221;fadeInRightBig&#8221; button_block=&#8221;true&#8221; link=&#8221;url:https%3A%2F%2Fhla-tours.com%2F%3Fdestination%3Dchristians-tours|title:Cultural%20Tours||&#8221; css=&#8221;.vc_custom_1672859501012{padding-top: 1em !important;}&#8221;][\/vc_column_inner][vc_column_inner el_class=&#8221;tz-about-container&#8221; width=&#8221;1\/2&#8243; css=&#8221;.vc_custom_1498466461163{padding-top: 6px !important;}&#8221;][vc_column_text]\n<p style=\"text-align: center;\"><span style=\"font-family: helvetica, arial, sans-serif; color: #333333; font-size: 15px;\"><strong>Sur la trace de la Chr\u00e9tient\u00e9, des lieux de m\u00e9moire \u00e0 d\u00e9couvrir et \u00e0 vivre.<\/strong><\/span><\/p>\n<p style=\"text-align: justify;\"><span style=\"font-family: helvetica, arial, sans-serif; color: #333333; font-size: 15px;\">\u00a0 \u00a0 \u00a0Quelques jours \u00e0 la crois\u00e9e des cultures et des religions\u2026<span style=\"color: #339966;\"> entre le temporel et l\u2019intemporel<\/span>. Se laisser initier aux charmes les plus mystiques de l\u2019Orient et retrouver les origines de l\u2019Occident, suivre les \u00e9toiles, toucher le Sacr\u00e9, <span style=\"color: #339966;\">habiter tous ces lieux bibliques qui ont berc\u00e9 notre enfance<\/span>, go\u00fbter aux senteurs des vastes collines et des petites ruelles, se laisser envelopper par la douceur du jour et la fra\u00eecheur de la nuit\u2026 Respirer un peu d\u2019\u00e9ternit\u00e9, se laisser b\u00e9nir par la Transcendance\u2026<\/span><\/p>\n[\/vc_column_text][\/vc_column_inner][\/vc_row_inner][\/vc_column][\/vc_row][vc_row tz_row_type=&#8221;grid&#8221; css=&#8221;.vc_custom_1673210771153{padding-bottom: 51px !important;background-color: #ffffff !important;}&#8221;][vc_column css=&#8221;.vc_custom_1496996563122{padding-right: 0px !important;padding-left: 0px !important;}&#8221;][vc_row_inner css=&#8221;.vc_custom_1496997267138{margin-top: 52px !important;}&#8221;][vc_column_inner el_class=&#8221;tz-title-about&#8221; css=&#8221;.vc_custom_1498465264493{padding-right: 0px !important;padding-left: 0px !important;}&#8221;][vc_column_text]\n<h2 id=\"\u00a0le-sentier-d\u2019abraham-trek-\" style=\"text-align: center;\"><span style=\"font-size: 24px;\">\u00a0Le Sentier d\u2019Abraham Trek &amp; VTT<\/span><\/h2>\n[\/vc_column_text][\/vc_column_inner][\/vc_row_inner][vc_row_inner css=&#8221;.vc_custom_1673210594537{margin-top: 39px !important;}&#8221;][vc_column_inner el_class=&#8221;tz-about-container&#8221; width=&#8221;1\/2&#8243;][vc_column_text]\n<p style=\"text-align: justify;\"><span style=\"font-family: helvetica, arial, sans-serif; font-size: 15px; color: #333333;\">\u00a0 \u00a0 \u00a0 le Sentier d\u2018Abraham est moins un itin\u00e9raire spirituel et davantage<span style=\"color: #339966;\"> une initiative visant \u00e0 assurer le d\u00e9veloppement \u00e9conomique d\u2019une r\u00e9gion<\/span>, via un tourisme durable et engag\u00e9 aupr\u00e8s des populations locales. Il offre \u00e0 la fois une vision des sites embl\u00e9matiques de la Palestine, culturels et naturels, tout en contribuant \u00e0 une meilleure appr\u00e9hension du contexte isra\u00e9lo-palestinien. <\/span><\/p>\n<p style=\"text-align: justify;\"><span style=\"font-family: helvetica, arial, sans-serif; font-size: 15px; color: #333333;\">La partie sud du sentier <\/span><span style=\"font-family: helvetica, arial, sans-serif; font-size: 15px; color: #339966;\">c\u2019est 123 km entre J\u00e9richo et H\u00e9bron sur les pas d\u2019Abraham<\/span><span style=\"font-family: helvetica, arial, sans-serif; font-size: 15px; color: #333333;\">, pour le d\u00e9veloppement \u00e9conomique du territoire palestinien, \u00e0 travers <span style=\"color: #339966;\">l\u2019Histoire<\/span>, les <span style=\"color: #339966;\">civilisations<\/span>, les <span style=\"color: #339966;\">religions<\/span> mais aussi les<span style=\"color: #339966;\"> paysages somptueux<\/span>, du d\u00e9sert jusqu\u2019aux champs d\u2019oliviers. Ce chemin, v\u00e9ritable lien physique \u00e0 travers les territoires morcel\u00e9s, serpente du wadi Quelt \u00e0 J\u00e9richo, jusqu\u2019au monast\u00e8re de Mar Saba, des hauts plateaux b\u00e9douins dominant la mer Morte en direction d&#8217;H\u00e9bron.<\/span><\/p>\n[\/vc_column_text][\/vc_column_inner][vc_column_inner el_class=&#8221;tz-about-container&#8221; width=&#8221;1\/2&#8243; css=&#8221;.vc_custom_1498466461163{padding-top: 6px !important;}&#8221;][vc_single_image image=&#8221;3574&#8243; img_size=&#8221;large&#8221; alignment=&#8221;right&#8221; style=&#8221;vc_box_rounded&#8221;][vc_btn title=&#8221;Discover More&#8221; style=&#8221;3d&#8221; color=&#8221;vista-blue&#8221; size=&#8221;lg&#8221; align=&#8221;center&#8221; css_animation=&#8221;fadeInRightBig&#8221; button_block=&#8221;true&#8221; link=&#8221;url:https%3A%2F%2Fhla-tours.com%2F%3Fdestination%3Dbiking-and-hiking-abraham-path|title:Cultural%20Tours||&#8221; css=&#8221;.vc_custom_1672859527702{padding-top: 1em !important;}&#8221;][\/vc_column_inner][\/vc_row_inner][\/vc_column][\/vc_row][vc_row tz_row_type=&#8221;grid&#8221; css=&#8221;.vc_custom_1673210783959{padding-bottom: 51px !important;background-color: #ffffff !important;}&#8221;][vc_column css=&#8221;.vc_custom_1496996563122{padding-right: 0px !important;padding-left: 0px !important;}&#8221;][vc_row_inner css=&#8221;.vc_custom_1496997267138{margin-top: 52px !important;}&#8221;][vc_column_inner el_class=&#8221;tz-title-about&#8221; css=&#8221;.vc_custom_1498465264493{padding-right: 0px !important;padding-left: 0px !important;}&#8221;][vc_column_text]\n<h2 id=\"circuits-culturels-combin\u00e9s--\" style=\"text-align: center;\"><span style=\"font-size: 24px;\">Circuits Culturels Combin\u00e9s<br \/>\nEgypte &#8211; Terre Sainte &#8211; Jordanie<br \/>\n<\/span><\/h2>\n[\/vc_column_text][\/vc_column_inner][\/vc_row_inner][vc_row_inner css=&#8221;.vc_custom_1497002811554{margin-top: 39px !important;}&#8221;][vc_column_inner el_class=&#8221;tz-about-container&#8221; width=&#8221;1\/2&#8243;][vc_single_image image=&#8221;2637&#8243; img_size=&#8221;large&#8221; alignment=&#8221;right&#8221; style=&#8221;vc_box_rounded&#8221;][vc_btn title=&#8221;Discover More&#8221; style=&#8221;3d&#8221; color=&#8221;vista-blue&#8221; size=&#8221;lg&#8221; align=&#8221;center&#8221; css_animation=&#8221;fadeInRightBig&#8221; button_block=&#8221;true&#8221; link=&#8221;url:https%3A%2F%2Fhla-tours.com%2F%3Fdestination%3Dcombined-cultural-tours|title:Cultural%20Tours||&#8221; css=&#8221;.vc_custom_1672859573058{padding-top: 1em !important;}&#8221;][\/vc_column_inner][vc_column_inner el_class=&#8221;tz-about-container&#8221; width=&#8221;1\/2&#8243; css=&#8221;.vc_custom_1498466461163{padding-top: 6px !important;}&#8221;][vc_column_text]\n<p style=\"text-align: justify;\"><span style=\"color: #333333; font-family: helvetica, arial, sans-serif; font-size: 15px;\">\u00a0 \u00a0 \u00a0 Passez un long week-end \u00e0 J\u00e9rusalem ou une semaine en terre Sainte, Palestine &amp; Isra\u00ebl. Ou encore une dizaine de jours (ou plus) en combinant l\u2019aventure avec la d\u00e9couverte de la Jordanie ou de l\u2019\u00c9gypte. <strong>Hla Tours<\/strong>\u00a0vous propose divers<span style=\"color: #339966;\"> circuits au berceau des civilisations<\/span> et \u00e0 la m\u00e9moire du monde dans des villes qui poss\u00e8dent<span style=\"color: #339966;\"> tant de r\u00e9sonances historiques et religieuses<\/span>, dont un grand nombre est class\u00e9 au patrimoine mondial de l\u2019UNESCO.<\/span><\/p>\n<p style=\"text-align: justify;\"><span style=\"color: #333333; font-family: helvetica, arial, sans-serif; font-size: 15px;\"> De J\u00e9rusalem la sainte \u00e0 Bethl\u00e9em de J\u00e9sus, de la H\u00e9bron d\u2019Abraham \u00e0 J\u00e9richo le mill\u00e9naire, de Nazareth de l\u2019annonciation \u00e0 la Tib\u00e9riade des miracles, de Jerash la Pomp\u00e9i de l\u2019Est \u00e0 P\u00e9tra la rose, d\u2019Abu Simbel aux pyramides du Caire, c\u2019est un voyage au pays des Mille et une Nuits. Au fil des contes imagin\u00e9s ici par la belle Sch\u00e9h\u00e9razade, <span style=\"color: #339966;\">c\u2019est la face cach\u00e9e d\u2019un monde qui se r\u00e9v\u00e8le \u00e0 vous<\/span>.<\/span><\/p>\n[\/vc_column_text][\/vc_column_inner][\/vc_row_inner][\/vc_column][\/vc_row][vc_row tz_row_type=&#8221;grid&#8221; css=&#8221;.vc_custom_1673210797072{padding-bottom: 51px !important;background-color: #ffffff !important;}&#8221;][vc_column css=&#8221;.vc_custom_1496996563122{padding-right: 0px !important;padding-left: 0px !important;}&#8221;][vc_row_inner css=&#8221;.vc_custom_1496997267138{margin-top: 52px !important;}&#8221;][vc_column_inner el_class=&#8221;tz-title-about&#8221; css=&#8221;.vc_custom_1498465264493{padding-right: 0px !important;padding-left: 0px !important;}&#8221;][vc_column_text]\n<h2 id=\"\" style=\"text-align: center;\"><span style=\"font-size: 24px;\">Hauts lieux de l&#8217;Islam Combin\u00e9s<br \/>\n<\/span><span style=\"font-size: 24px;\">Jordanie &#8211; Palestine &#8211; Egypte<\/span><\/h2>\n[\/vc_column_text][\/vc_column_inner][\/vc_row_inner][vc_row_inner css=&#8221;.vc_custom_1497002811554{margin-top: 39px !important;}&#8221;][vc_column_inner el_class=&#8221;tz-about-container&#8221; width=&#8221;1\/2&#8243;][vc_column_text]\n<p style=\"text-align: justify;\"><span style=\"color: #333333; font-family: helvetica, arial, sans-serif; font-size: 15px;\">\u00a0 \u00a0 \u00a0Un voyage<span style=\"color: #339966;\"> sur les traces des proph\u00e8tes<\/span>, dans des endroits o\u00f9 chaque pierre, chaque \u00e9difice, chaque pilier a une histoire \u00e0 nous d\u00e9voiler. Marcher sur les pas des proph\u00e8tes ; <span style=\"color: #339966;\">Ibrahim<\/span>, d\u2019<span style=\"color: #339966;\">Isma\u00ebl<\/span>, de <span style=\"color: #339966;\">Isaac<\/span>, de <span style=\"color: #339966;\">Yacoub<\/span>, de <span style=\"color: #339966;\">Moussa<\/span>, de <span style=\"color: #339966;\">Daoud<\/span>, de <span style=\"color: #339966;\">Souleyman<\/span>, d\u2019<span style=\"color: #339966;\">Issa<\/span>, \u2026de<span style=\"color: #339966;\"> Mohammad<\/span> (<span style=\"color: #339966;\">sallAllahou \u2019alayhim wa salam<\/span>). Ils \u00e9taient tous l\u00e0\u2026cette terre de Palestine est b\u00e9nie\u2026cet endroit de <span style=\"color: #339966;\">Bayt al-Maqdis<\/span> est unique\u2026<\/span><\/p>\n<p style=\"text-align: justify;\"><span style=\"color: #333333; font-family: helvetica, arial, sans-serif; font-size: 15px;\"><strong>J\u00e9rusalem (Bayt al-Maqdis). <\/strong>La mosqu\u00e9e <span style=\"color: #339966;\">Al-Aqsa<\/span> rev\u00eat une importance particuli\u00e8re pour les musulmans, elle fait partie des lieux saints o\u00f9 il est recommand\u00e9 d\u2019effectuer son p\u00e8lerinage comme nous l\u2019a conseill\u00e9 le Proph\u00e8te (sallAllahou \u2019alayhi wa salam)\u00a0: \u00ab\u00a0<strong>\u00a0<em>Ne visitez que trois mosqu\u00e9es, la Sainte mosqu\u00e9e, la mosqu\u00e9e Al-Aqsa et ma mosqu\u00e9e [mosqu\u00e9e de M\u00e9dine]<\/em>\u00a0<\/strong>\u00a0\u00bb.<\/span><\/p>\n[\/vc_column_text][\/vc_column_inner][vc_column_inner el_class=&#8221;tz-about-container&#8221; width=&#8221;1\/2&#8243; css=&#8221;.vc_custom_1498466461163{padding-top: 6px !important;}&#8221;][vc_single_image image=&#8221;3576&#8243; img_size=&#8221;large&#8221; alignment=&#8221;right&#8221; style=&#8221;vc_box_rounded&#8221;][vc_btn title=&#8221;Discover More&#8221; style=&#8221;3d&#8221; color=&#8221;vista-blue&#8221; size=&#8221;lg&#8221; align=&#8221;center&#8221; css_animation=&#8221;fadeInRightBig&#8221; button_block=&#8221;true&#8221; link=&#8221;url:https%3A%2F%2Fhla-tours.com%2F%3Fdestination%3Dcombined-muslim-holy-sites|title:Cultural%20Tours||&#8221; css=&#8221;.vc_custom_1672859685966{padding-top: 1em !important;}&#8221;][\/vc_column_inner][\/vc_row_inner][\/vc_column][\/vc_row][vc_row tz_row_type=&#8221;grid&#8221; css=&#8221;.vc_custom_1673210811952{padding-bottom: 51px !important;background-color: #ffffff !important;}&#8221;][vc_column css=&#8221;.vc_custom_1496996563122{padding-right: 0px !important;padding-left: 0px !important;}&#8221;][vc_row_inner css=&#8221;.vc_custom_1496997267138{margin-top: 52px !important;}&#8221;][vc_column_inner el_class=&#8221;tz-title-about&#8221; css=&#8221;.vc_custom_1498465264493{padding-right: 0px !important;padding-left: 0px !important;}&#8221;][vc_column_text]\n<h2 id=\"p\u00e8lerinages-chr\u00e9tiens-combin\" style=\"text-align: center;\"><span style=\"font-size: 24px;\">P\u00e8lerinages Chr\u00e9tiens Combin\u00e9s<br \/>\n<\/span><span style=\"font-size: 24px;\">Egypte &#8211; Terre Sainte &#8211; Jordanie<\/span><\/h2>\n[\/vc_column_text][\/vc_column_inner][\/vc_row_inner][vc_row_inner css=&#8221;.vc_custom_1497002811554{margin-top: 39px !important;}&#8221;][vc_column_inner el_class=&#8221;tz-about-container&#8221; width=&#8221;1\/2&#8243;][vc_single_image image=&#8221;2568&#8243; img_size=&#8221;large&#8221; alignment=&#8221;right&#8221; style=&#8221;vc_box_rounded&#8221;][vc_btn title=&#8221;Discover More&#8221; style=&#8221;3d&#8221; color=&#8221;vista-blue&#8221; size=&#8221;lg&#8221; align=&#8221;center&#8221; css_animation=&#8221;fadeInRightBig&#8221; button_block=&#8221;true&#8221; link=&#8221;url:https%3A%2F%2Fhla-tours.com%2F%3Fdestination%3Dcombined-christian-pilgrimage|title:Cultural%20Tours||&#8221; css=&#8221;.vc_custom_1672859812737{padding-top: 1em !important;}&#8221;][\/vc_column_inner][vc_column_inner el_class=&#8221;tz-about-container&#8221; width=&#8221;1\/2&#8243; css=&#8221;.vc_custom_1498466461163{padding-top: 6px !important;}&#8221;][vc_column_text]\n<p style=\"text-align: justify;\"><span style=\"color: #333333; font-family: helvetica, arial, sans-serif; font-size: 15px;\">\u00a0 \u00a0 \u00a0L\u2019Antiquit\u00e9 du Levant est le fil directeur de ce p\u00e8lerinage. Des <span style=\"color: #339966;\">pyramides<\/span> <span style=\"color: #339966;\">du Caire<\/span> au <span style=\"color: #339966;\">Mt Sina\u00ef<\/span>, au <span style=\"color: #339966;\">Mt N\u00e9bo<\/span>, vous suivrez <span style=\"color: #339966;\">Mo\u00efse<\/span> sur <span style=\"color: #339966;\">la route de l\u2019Exode<\/span>. De J\u00e9rusalem, la ville trois fois sainte, le<span style=\"color: #339966;\"> mont des Oliviers<\/span>, <span style=\"color: #339966;\">Bethl\u00e9em<\/span>, <span style=\"color: #339966;\">Nazareth<\/span> et <span style=\"color: #339966;\">Tib\u00e9riade<\/span> vous feront revivre la naissance du christianisme. De <span style=\"color: #339966;\">J\u00e9richo<\/span>, qui s\u2019\u00e9l\u00e8ve \u00e0 l\u2019aube de la civilisation canan\u00e9enne et <span style=\"color: #339966;\">Massada<\/span> ou <span style=\"color: #339966;\">Jerash<\/span> la conqu\u00eate romaine. Tandis qu\u2019a <span style=\"color: #339966;\">cit\u00e9 rose de P\u00e9tra<\/span> et ses somptueux tombeaux-temples taill\u00e9s dans le gr\u00e8s multicolore vous feront d\u00e9couvrir le monde des Nabat\u00e9ens. <\/span><\/p>\n<p style=\"text-align: justify;\"><span style=\"color: #333333; font-family: helvetica, arial, sans-serif; font-size: 15px;\">C\u2019est <span style=\"color: #339966;\">un p\u00e8lerinage en terre trois fois saintes<\/span>, \u00e0 travers des villes et des lieux si charg\u00e9s d&#8217;histoire et \u00e0 la symbolique si forte.<\/span><\/p>\n[\/vc_column_text][\/vc_column_inner][\/vc_row_inner][\/vc_column][\/vc_row]\n","protected":false},"excerpt":{"rendered":"<p>[vc_row tz_row_type=&#8221;grid&#8221; css=&#8221;.vc_custom_1673212138569{padding-bottom: 51px !important;background-color: #ffffff !important;}&#8221;][vc_column css=&#8221;.vc_custom_1496996563122{padding-right: 0px !important;padding-left: 0px !important;}&#8221;][vc_row_inner css=&#8221;.vc_custom_1673212127190{margin-top: 52px !important;background-color: #ffffff !important;}&#8221;][vc_column_inner el_class=&#8221;tz-title-about&#8221; css=&#8221;.vc_custom_1498465264493{padding-right: 0px !important;padding-left: 0px !important;}&#8221;][vc_column_text] Circuits Culturels [\/vc_column_text][\/vc_column_inner][\/vc_row_inner][vc_row_inner css=&#8221;.vc_custom_1497002811554{margin-top: 39px !important;}&#8221;][vc_column_inner el_class=&#8221;tz-about-container&#8221; width=&#8221;1\/2&#8243;][vc_single_image image=&#8221;2492&#8243; img_size=&#8221;large&#8221; style=&#8221;vc_box_rounded&#8221;][vc_btn title=&#8221;Discover More&#8221; style=&#8221;3d&#8221; color=&#8221;vista-blue&#8221; size=&#8221;lg&#8221; align=&#8221;center&#8221; css_animation=&#8221;fadeInRightBig&#8221; button_block=&#8221;true&#8221; link=&#8221;url:https%3A%2F%2Fhla-tours.com%2F%3Fdestination%3Dcultural-tours|title:Cultural%20Tours||&#8221; css=&#8221;.vc_custom_1672859426721{padding-top: 1em !important;}&#8221;][\/vc_column_inner][vc_column_inner el_class=&#8221;tz-about-container&#8221; width=&#8221;1\/2&#8243; css=&#8221;.vc_custom_1498466461163{padding-top: 6px !important;}&#8221;][vc_column_text] \u00a0 \u00a0 \u00a0 \u00a0Il [&hellip;]<\/p>\n","protected":false},"author":2,"featured_media":0,"parent":0,"menu_order":0,"comment_status":"closed","ping_status":"closed","template":"","meta":{"_glsr_average":0,"_glsr_ranking":0,"_glsr_reviews":0,"footnotes":""},"class_list":["post-3063","page","type-page","status-publish","hentry"],"_links":{"self":[{"href":"https:\/\/hla-tours.com\/index.php?rest_route=\/wp\/v2\/pages\/3063","targetHints":{"allow":["GET"]}}],"collection":[{"href":"https:\/\/hla-tours.com\/index.php?rest_route=\/wp\/v2\/pages"}],"about":[{"href":"https:\/\/hla-tours.com\/index.php?rest_route=\/wp\/v2\/types\/page"}],"author":[{"embeddable":true,"href":"https:\/\/hla-tours.com\/index.php?rest_route=\/wp\/v2\/users\/2"}],"replies":[{"embeddable":true,"href":"https:\/\/hla-tours.com\/index.php?rest_route=%2Fwp%2Fv2%2Fcomments&post=3063"}],"version-history":[{"count":44,"href":"https:\/\/hla-tours.com\/index.php?rest_route=\/wp\/v2\/pages\/3063\/revisions"}],"predecessor-version":[{"id":4491,"href":"https:\/\/hla-tours.com\/index.php?rest_route=\/wp\/v2\/pages\/3063\/revisions\/4491"}],"wp:attachment":[{"href":"https:\/\/hla-tours.com\/index.php?rest_route=%2Fwp%2Fv2%2Fmedia&parent=3063"}],"curies":[{"name":"wp","href":"https:\/\/api.w.org\/{rel}","templated":true}]}}