{"id":3057,"date":"2020-07-18T19:29:45","date_gmt":"2020-07-18T19:29:45","guid":{"rendered":"https:\/\/hla-tours.com\/?page_id=3057"},"modified":"2023-01-08T20:39:52","modified_gmt":"2023-01-08T20:39:52","slug":"qui-sommes-nous","status":"publish","type":"page","link":"https:\/\/hla-tours.com\/?page_id=3057&lang=fr","title":{"rendered":"QUI SOMMES-NOUS"},"content":{"rendered":"[vc_row tz_row_type=&#8221;grid&#8221; css=&#8221;.vc_custom_1497004699496{padding-bottom: 51px !important;background-color: #fafafa !important;}&#8221;][vc_column css=&#8221;.vc_custom_1496996563122{padding-right: 0px !important;padding-left: 0px !important;}&#8221;][vc_row_inner css=&#8221;.vc_custom_1496997267138{margin-top: 52px !important;}&#8221;][vc_column_inner el_class=&#8221;tz-title-about&#8221; css=&#8221;.vc_custom_1498465264493{padding-right: 0px !important;padding-left: 0px !important;}&#8221;][vc_column_text css=&#8221;.vc_custom_1672860483989{margin-bottom: 2px !important;}&#8221;]\n<p style=\"text-align: center;\"><span style=\"color: #000000;\"><span style=\"font-size: 20px;\"><b>HLA TOURS<\/b><\/span><\/span><\/p>\n[\/vc_column_text][vc_column_text css=&#8221;.vc_custom_1673210388004{margin-bottom: 2px !important;}&#8221;]\n<p style=\"text-align: justify;\"><span style=\"color: #000000;\"><span style=\"color: #339966;\"><strong>Hla Tours <\/strong><\/span>est un tour op\u00e9rateur r\u00e9ceptif qui organise des voyages en Terre Sainte et dans la r\u00e9gion du Proche-Orient, offrant les meilleurs itin\u00e9raires aux meilleurs prix, nous sommes r\u00e9ceptif pour des nombreuses agences des voyages et tours op\u00e9rateurs de par le monde.<\/span><\/p>\n[\/vc_column_text][\/vc_column_inner][\/vc_row_inner][vc_row_inner css=&#8221;.vc_custom_1497002811554{margin-top: 39px !important;}&#8221;][vc_column_inner el_class=&#8221;tz-about-container&#8221; width=&#8221;1\/2&#8243;][vc_single_image image=&#8221;4290&#8243; img_size=&#8221;large&#8221; style=&#8221;vc_box_rounded&#8221; css=&#8221;.vc_custom_1673095835874{margin-bottom: 1em !important;border-bottom-width: 2em !important;}&#8221;][vc_single_image image=&#8221;3197&#8243; img_size=&#8221;large&#8221; style=&#8221;vc_box_rounded&#8221; css=&#8221;.vc_custom_1672861042069{margin-bottom: 1em !important;border-bottom-width: 2em !important;}&#8221;][vc_single_image image=&#8221;3175&#8243; img_size=&#8221;large&#8221; style=&#8221;vc_box_rounded&#8221; css=&#8221;.vc_custom_1672861049395{margin-bottom: 1em !important;border-bottom-width: 2em !important;}&#8221;][vc_single_image image=&#8221;3174&#8243; img_size=&#8221;large&#8221; style=&#8221;vc_box_rounded&#8221; css=&#8221;.vc_custom_1672861057654{margin-bottom: 1em !important;border-bottom-width: 2em !important;}&#8221;][vc_single_image image=&#8221;3176&#8243; img_size=&#8221;large&#8221; style=&#8221;vc_box_rounded&#8221; css=&#8221;.vc_custom_1672861065260{margin-bottom: 1em !important;border-bottom-width: 2em !important;}&#8221;][vc_single_image image=&#8221;3182&#8243; img_size=&#8221;large&#8221; style=&#8221;vc_box_rounded&#8221; css=&#8221;.vc_custom_1672860994400{border-bottom-width: 2em !important;}&#8221;][\/vc_column_inner][vc_column_inner el_class=&#8221;tz-about-container&#8221; width=&#8221;1\/2&#8243; css=&#8221;.vc_custom_1673210350600{padding-top: 6px !important;background-color: #ffffff !important;}&#8221;][vc_column_text]\n<p>&nbsp;<\/p>\n<p><span style=\"color: #000000;\"><strong>Hla tours <\/strong><\/span>est un Tour Op\u00e9rateur R\u00e9c\u00e9ptif en Terre Sainte et au Proche-Orient, op\u00e9rant depuis 1999. Nous travaillons sous la licence n\u00b0 479 d\u00e9livr\u00e9e par le Minist\u00e8re du Tourisme. L&#8217;agence est situ\u00e9e au coeur de la ville de Bethl\u00e9em, rue de la Nativit\u00e9.<\/p>\n<p>Nous proposons \u00e0 nos partenaires un service complet d\u00e9di\u00e9 \u00e0 fournir<strong> les meilleurs itin\u00e9raires et forfaits; h\u00f4tels, guides, transports et toutes sortes de prestations li\u00e9es aux besoins des clients avec des services de qualit\u00e9 sup\u00e9rieure<\/strong>. Nous excellons \u00e0 offrir un acc\u00e8s exclusif, des exp\u00e9riences authentiques, un service client extraordinaire et bien plus encore.<\/p>\n<p><span style=\"color: #333333;\"><span style=\"color: #4d9473;\"><span style=\"color: #333333;\">Nos destinations<\/span> : <\/span><strong><span style=\"color: #4d9473;\">Holy Land<\/span><\/strong>, <strong style=\"color: #333333;\"><span style=\"color: #4d9473;\">Jordan<\/span> <\/strong>and <strong style=\"color: #333333;\"><span style=\"color: #4d9473;\">Egypt<\/span><\/strong>.<\/span><\/p>\n<p style=\"text-align: justify;\"><span style=\"color: #000000;\"><strong>Notre mission<\/strong><\/span><\/p>\n<p style=\"text-align: justify;\"><span style=\"color: #000000;\">R\u00e9pondre aux envies d\u2019authenticit\u00e9 et d\u2019\u00e9merveillement des voyageurs. R\u00e9aliser chaque ann\u00e9e les r\u00eaves de milliers de personnes qui visitent la Terre Sainte ou qui combinent leurs voyages avec la Jordanie et l&#8217;\u00c9gypte. Bien \u00e9videmment; cela inclus \u00e9galement de proposer des forfaits vari\u00e9s et abordables pour une exp\u00e9rience unique et de qualit\u00e9.<\/span><\/p>\n<p style=\"text-align: justify;\"><span style=\"color: #000000;\"><strong>Buts et objectifs :<\/strong><\/span><\/p>\n<p style=\"text-align: justify;\"><span style=\"color: #000000;\">Notre objectif est d&#8217;offrir \u00e0 nos clients et partenaires les meilleurs services et les plus beaux voyages. Procurer une exp\u00e9rience unique et inoubliable \u00e0 nos h\u00f4tes. Encourager toutes les personnes \u00e0 travers le monde \u00e0 voyager et \u00e0 d\u00e9couvrir la Terre Sainte, les sites arch\u00e9ologiques et historiques, les populations locales et le patrimoine par une offre comp\u00e9titive.<\/span><\/p>\n<p><span style=\"color: #000000;\">Nous sommes convaincu que <\/span><strong style=\"color: #000000;\">le tourisme doit \u00eatre un v\u00e9hicule pour un monde plus positif et interconnect\u00e9.<\/strong><\/p>\n<p>&nbsp;<\/p>\n<p style=\"text-align: center;\"><span style=\"color: #000000;\"><strong>POUR QUOI VOYAGER AVEC Hla tours ? <\/strong><\/span><\/p>\n<ul style=\"text-align: justify;\">\n<li><span style=\"color: #000000;\"><strong>Qualit\u00e9 et service<\/strong><\/span><\/li>\n<\/ul>\n<p style=\"text-align: justify;\"><span style=\"color: #000000;\">Nous surveillons de pr\u00e8s la satisfaction de nos clients et recherchons constamment de nouvelles fa\u00e7ons de r\u00e9pondre \u00e0 leurs attentes. Car ce qui compte le plus dans un voyage, c\u2019est vous !<\/span><\/p>\n<p style=\"text-align: justify;\"><span style=\"color: #000000;\">Notre vocation est de r\u00e9aliser un s\u00e9jour sur mesure en fonction de vos int\u00e9r\u00eats. Avec notre \u00e9coute attentive, notre exp\u00e9rience et notre expertise, nous cr\u00e9erons le voyage qui vous fait r\u00eaver.<\/span><\/p>\n<ul style=\"text-align: justify;\">\n<li><span style=\"color: #000000;\"><strong> Une touche personnelle<\/strong><\/span><\/li>\n<\/ul>\n<p style=\"text-align: justify;\"><span style=\"color: #000000;\">Que vous soyez en qu\u00eate d\u2019inspiration ou que vous sachiez d\u00e9j\u00e0 ce que vous voulez faire, nous vous \u00e9coutons et vous conseillons pour que votre voyage soit une totale r\u00e9ussite. D\u00e8s le premier contact, pendant toute la dur\u00e9e de votre s\u00e9jour, nous sommes avec vous, pour r\u00e9aliser votre exp\u00e9rience sur mesure et en toute s\u00e9curit\u00e9.<\/span><\/p>\n<ul style=\"text-align: justify;\">\n<li><span style=\"color: #000000;\"><strong>Expertise locale<\/strong><\/span><\/li>\n<\/ul>\n<p style=\"text-align: justify;\"><span style=\"color: #000000;\">Des guides locaux professionnels connaissant sur le bout des doigts la r\u00e9gion, vous garantissent d\u00e9couverte et s\u00e9curit\u00e9.<\/span><\/p>\n<ul style=\"text-align: justify;\">\n<li><span style=\"color: #000000;\"><strong> Voyages sur mesure<\/strong><\/span><\/li>\n<\/ul>\n<p style=\"text-align: justify;\"><span style=\"color: #000000;\">Sp\u00e9cialiste des destinations propos\u00e9es, notre expertise et notre connaissance du terrain sont l\u00e0 pour vous aider \u00e0 faire les bons choix pour chaque \u00e9tape et pour construire avec vous, le voyage r\u00eav\u00e9. Faites appel \u00e0 un sp\u00e9cialiste pour votre voyage. Faites-nous part de vos aspirations et ensemble, donnons vie.<\/span><\/p>\n<ul style=\"text-align: justify;\">\n<li><span style=\"color: #000000;\"><strong> Professionnalisme<\/strong><\/span><\/li>\n<\/ul>\n<p style=\"text-align: justify;\"><span style=\"color: #000000;\">Notre \u00e9quipe professionnelle s&#8217;assure toujours que vous obteniez la meilleure exp\u00e9rience et de la satisfaction. Nos clients sont nos meilleurs ambassadeurs.<\/span><\/p>\n<ul style=\"text-align: justify;\">\n<li><span style=\"color: #000000;\"><strong> Longue exp\u00e9rience<\/strong><\/span><\/li>\n<\/ul>\n<p style=\"text-align: justify;\"><span style=\"color: #000000;\">Une agence forte d\u2019une exp\u00e9rience de plus de 20 ans d&#8217;exp\u00e9rience dans l\u2019organisation de voyages en Terre Sainte et au Proche-Orient.<\/span><\/p>\n<ul style=\"text-align: justify;\">\n<li><span style=\"color: #000000;\"><strong> Tourisme responsable<\/strong><\/span><\/li>\n<\/ul>\n<p style=\"text-align: justify;\"><span style=\"color: #000000;\">Nous proposons des rencontres et \u00e9changes avec les populations locales. Partage et soutien au d\u00e9veloppement durable.<\/span><\/p>\n<ul style=\"text-align: justify;\">\n<li><span style=\"color: #000000;\"><strong> Feed-back <\/strong><\/span><\/li>\n<\/ul>\n<p style=\"text-align: justify;\"><span style=\"color: #000000;\">Un seul et m\u00eame objectif, votre satisfaction. Nous accordons une importance capitale aux feed-back de nos clients, connaitre leurs satisfactions et ressentis, dans l\u2019objectif d\u2019am\u00e9liorer nos performances.<\/span><\/p>\n<p style=\"text-align: justify;\"><span style=\"color: #000000;\"><strong>Nous contacter :<\/strong><\/span><\/p>\n<p><span style=\"color: #000000;\">Nous sommes tr\u00e8s heureux de vous conseiller et de vous aider \u00e0 vous assurer le voyage parfait.<\/span><\/p>\n<p><span style=\"color: #000000;\">Pour toute informations, demande de collaboration et devis, n&#8217;h\u00e9sitez pas \u00e0 nous contacter.<\/span><\/p>\n<p><span style=\"color: #000000;\">WhatsApp n\u00b0 00972 522762493<\/span><\/p>\n<p><span style=\"color: #000000;\">T\u00e9l : +970 (0) 2 2755320<\/span><\/p>\n<p><span style=\"color: #000000;\">Courriel : info@hla-tours.net<\/span><\/p>\n<p style=\"text-align: justify;\"><span style=\"color: #000000;\"><strong>\u00a0<\/strong><\/span><\/p>\n<p style=\"text-align: justify;\"><span style=\"color: #000000;\"><strong>\u00a0<\/strong><\/span><\/p>\n[\/vc_column_text][vc_empty_space][\/vc_column_inner][\/vc_row_inner][\/vc_column][\/vc_row][vc_row tz_row_type=&#8221;grid&#8221; css=&#8221;.vc_custom_1497239963970{padding-top: 51px !important;padding-bottom: 66px !important;}&#8221;][vc_column][\/vc_column][\/vc_row]\n","protected":false},"excerpt":{"rendered":"<p>[vc_row tz_row_type=&#8221;grid&#8221; css=&#8221;.vc_custom_1497004699496{padding-bottom: 51px !important;background-color: #fafafa !important;}&#8221;][vc_column css=&#8221;.vc_custom_1496996563122{padding-right: 0px !important;padding-left: 0px !important;}&#8221;][vc_row_inner css=&#8221;.vc_custom_1496997267138{margin-top: 52px !important;}&#8221;][vc_column_inner el_class=&#8221;tz-title-about&#8221; css=&#8221;.vc_custom_1498465264493{padding-right: 0px !important;padding-left: 0px !important;}&#8221;][vc_column_text css=&#8221;.vc_custom_1672860483989{margin-bottom: 2px !important;}&#8221;] HLA TOURS [\/vc_column_text][vc_column_text css=&#8221;.vc_custom_1673210388004{margin-bottom: 2px !important;}&#8221;] Hla Tours est un tour op\u00e9rateur r\u00e9ceptif qui organise des voyages en Terre Sainte et dans la r\u00e9gion du Proche-Orient, offrant les meilleurs itin\u00e9raires aux [&hellip;]<\/p>\n","protected":false},"author":2,"featured_media":0,"parent":0,"menu_order":0,"comment_status":"closed","ping_status":"closed","template":"","meta":{"_glsr_average":0,"_glsr_ranking":0,"_glsr_reviews":0,"footnotes":""},"class_list":["post-3057","page","type-page","status-publish","hentry"],"_links":{"self":[{"href":"https:\/\/hla-tours.com\/index.php?rest_route=\/wp\/v2\/pages\/3057","targetHints":{"allow":["GET"]}}],"collection":[{"href":"https:\/\/hla-tours.com\/index.php?rest_route=\/wp\/v2\/pages"}],"about":[{"href":"https:\/\/hla-tours.com\/index.php?rest_route=\/wp\/v2\/types\/page"}],"author":[{"embeddable":true,"href":"https:\/\/hla-tours.com\/index.php?rest_route=\/wp\/v2\/users\/2"}],"replies":[{"embeddable":true,"href":"https:\/\/hla-tours.com\/index.php?rest_route=%2Fwp%2Fv2%2Fcomments&post=3057"}],"version-history":[{"count":25,"href":"https:\/\/hla-tours.com\/index.php?rest_route=\/wp\/v2\/pages\/3057\/revisions"}],"predecessor-version":[{"id":4291,"href":"https:\/\/hla-tours.com\/index.php?rest_route=\/wp\/v2\/pages\/3057\/revisions\/4291"}],"wp:attachment":[{"href":"https:\/\/hla-tours.com\/index.php?rest_route=%2Fwp%2Fv2%2Fmedia&parent=3057"}],"curies":[{"name":"wp","href":"https:\/\/api.w.org\/{rel}","templated":true}]}}